{"id":2132,"date":"2024-05-07T00:16:38","date_gmt":"2024-05-07T00:16:38","guid":{"rendered":"https:\/\/bombeiroscastrodaire.pt\/?page_id=2132"},"modified":"2024-05-07T00:49:31","modified_gmt":"2024-05-07T00:49:31","slug":"supervisao","status":"publish","type":"page","link":"https:\/\/bombeiroscastrodaire.pt\/index.php\/supervisao\/","title":{"rendered":"Supervis\u00e3o"},"content":{"rendered":"\t\t<div data-elementor-type=\"wp-page\" data-elementor-id=\"2132\" class=\"elementor elementor-2132\" data-elementor-post-type=\"page\">\n\t\t\t\t<div class=\"elementor-element elementor-element-a0b9140 e-con-full e-flex e-con e-parent\" data-id=\"a0b9140\" data-element_type=\"container\" data-e-type=\"container\">\n\t\t\t\t<div class=\"elementor-element elementor-element-4faaacc elementor-widget elementor-widget-text-editor\" data-id=\"4faaacc\" data-element_type=\"widget\" data-e-type=\"widget\" data-widget_type=\"text-editor.default\">\n\t\t\t\t<div class=\"elementor-widget-container\">\n\t\t\t\t\t\t\t\t\t<p>A Supervis\u00e3o, Auditoria e Controlo de Qualidade dos nossos Programas Locais de Desfibrilha\u00e7\u00e3o Autom\u00e1tica Externa s\u00e3o assegurada pelo\u00a0 Dr. Jorge Miguel Sequeira Fernandes, com a c\u00e9dula profissional\u00a0n\u00ba 38538 da Ordem dos M\u00e9dicos.<\/p>\t\t\t\t\t\t\t\t<\/div>\n\t\t\t\t<\/div>\n\t\t\t\t<\/div>\n\t\t<div class=\"elementor-element elementor-element-23a2e5e e-con-full e-flex e-con e-parent\" data-id=\"23a2e5e\" data-element_type=\"container\" data-e-type=\"container\">\n\t\t<div class=\"elementor-element elementor-element-ab0d818 e-con-full e-flex e-con e-child\" data-id=\"ab0d818\" data-element_type=\"container\" data-e-type=\"container\">\n\t\t\t\t<div class=\"elementor-element elementor-element-c9fdd24 elementor-widget elementor-widget-image\" data-id=\"c9fdd24\" data-element_type=\"widget\" data-e-type=\"widget\" data-widget_type=\"image.default\">\n\t\t\t\t<div class=\"elementor-widget-container\">\n\t\t\t\t\t\t\t\t\t\t\t\t\t\t\t<img fetchpriority=\"high\" decoding=\"async\" width=\"432\" height=\"422\" src=\"https:\/\/bombeiroscastrodaire.pt\/wp-content\/uploads\/2024\/05\/dr-sequeira-e1715040521356.png\" class=\"attachment-full size-full wp-image-2125\" alt=\"\" srcset=\"https:\/\/bombeiroscastrodaire.pt\/wp-content\/uploads\/2024\/05\/dr-sequeira-e1715040521356.png 432w, https:\/\/bombeiroscastrodaire.pt\/wp-content\/uploads\/2024\/05\/dr-sequeira-e1715040521356-300x293.png 300w\" sizes=\"(max-width: 432px) 100vw, 432px\" \/>\t\t\t\t\t\t\t\t\t\t\t\t\t\t\t<\/div>\n\t\t\t\t<\/div>\n\t\t\t\t<\/div>\n\t\t<div class=\"elementor-element elementor-element-8da6fe0 e-con-full e-flex e-con e-child\" data-id=\"8da6fe0\" data-element_type=\"container\" data-e-type=\"container\">\n\t\t\t\t<div class=\"elementor-element elementor-element-33e739a elementor-widget elementor-widget-text-editor\" data-id=\"33e739a\" data-element_type=\"widget\" data-e-type=\"widget\" data-widget_type=\"text-editor.default\">\n\t\t\t\t<div class=\"elementor-widget-container\">\n\t\t\t\t\t\t\t\t\t<p style=\"text-align: justify;\"><span style=\"color: var(--sp-secondary-dark); font-family: var(--sp-font-sans-serif); font-style: inherit; text-transform: inherit; text-align: start;\">Ap\u00f3s a conclus\u00e3o do Internato Complementar de Medicina Interna, o seu\u00a0<\/span><span style=\"text-align: var(--text-align); color: var(--sp-secondary-dark); font-family: var(--sp-font-sans-serif); font-style: inherit; text-transform: inherit;\">percurso profissional tem sido direccionado para abordagem e tratamento do doente cr\u00edtico desde o p\u00e9 hospitalar at\u00e9 ao Servi\u00e7o de Medicina Intensiva, com paragem na Sala de Emerg\u00eancia. O servi\u00e7o de Medicina Intensiva foi o que elegeu como o seu servi\u00e7o h\u00e1 j\u00e1 muitos anos e no qual mant\u00e9m a sua atividade m\u00e9dica regular.<\/span><\/p>\t\t\t\t\t\t\t\t<\/div>\n\t\t\t\t<\/div>\n\t\t\t\t<\/div>\n\t\t\t\t<\/div>\n\t\t<div class=\"elementor-element elementor-element-029b1e2 e-con-full e-flex e-con e-parent\" data-id=\"029b1e2\" data-element_type=\"container\" data-e-type=\"container\">\n\t\t\t\t<div class=\"elementor-element elementor-element-cf00492 elementor-widget elementor-widget-text-editor\" data-id=\"cf00492\" data-element_type=\"widget\" data-e-type=\"widget\" data-widget_type=\"text-editor.default\">\n\t\t\t\t<div class=\"elementor-widget-container\">\n\t\t\t\t\t\t\t\t\t<p>O Dr. Sequeira garante a qualidade que as suas qualifica\u00e7\u00f5es e experi\u00eancia profissional mais relevante nos garantem, nomeadamente:<\/p><p>&#8211; Diretor do Servi\u00e7o de Urg\u00eancia do Centro Hospitalar Tondela\/ Viseu | atual<\/p><p>&#8211; Coordenador do N\u00facleo de Emerg\u00eancia do Centro Hospitalar Tondela\/ Viseu | atual<\/p><p>&#8211; M\u00e9dico da Unidade de Cuidados Intensivos CHTV | atual<\/p><p>&#8211; Coordenador da Viatura M\u00e9dica de Emerg\u00eancia e Reanima\u00e7\u00e3o do Centro Hospitalar Tondela\/Viseu | de 2007 a 2023<\/p><p>&#8211; M\u00e9dico Residente da Sala de Emerg\u00eancia | atual<\/p><p>&#8211; M\u00e9dico da Equipa do Heli Centro do INEM | atual<\/p>\t\t\t\t\t\t\t\t<\/div>\n\t\t\t\t<\/div>\n\t\t\t\t<\/div>\n\t\t\t\t<\/div>\n\t\t","protected":false},"excerpt":{"rendered":"<p>A Supervis\u00e3o, Auditoria e Controlo de Qualidade dos nossos Programas Locais de Desfibrilha\u00e7\u00e3o Autom\u00e1tica Externa s\u00e3o assegurada pelo\u00a0 Dr. Jorge Miguel Sequeira Fernandes, com a c\u00e9dula profissional\u00a0n\u00ba 38538 da Ordem dos M\u00e9dicos. Ap\u00f3s a conclus\u00e3o do Internato Complementar de Medicina Interna, o seu\u00a0percurso profissional tem sido direccionado para abordagem e tratamento do doente cr\u00edtico desde [&hellip;]<\/p>\n","protected":false},"author":1,"featured_media":0,"parent":0,"menu_order":0,"comment_status":"closed","ping_status":"closed","template":"","meta":{"footnotes":""},"class_list":["post-2132","page","type-page","status-publish","hentry"],"_links":{"self":[{"href":"https:\/\/bombeiroscastrodaire.pt\/index.php\/wp-json\/wp\/v2\/pages\/2132","targetHints":{"allow":["GET"]}}],"collection":[{"href":"https:\/\/bombeiroscastrodaire.pt\/index.php\/wp-json\/wp\/v2\/pages"}],"about":[{"href":"https:\/\/bombeiroscastrodaire.pt\/index.php\/wp-json\/wp\/v2\/types\/page"}],"author":[{"embeddable":true,"href":"https:\/\/bombeiroscastrodaire.pt\/index.php\/wp-json\/wp\/v2\/users\/1"}],"replies":[{"embeddable":true,"href":"https:\/\/bombeiroscastrodaire.pt\/index.php\/wp-json\/wp\/v2\/comments?post=2132"}],"version-history":[{"count":29,"href":"https:\/\/bombeiroscastrodaire.pt\/index.php\/wp-json\/wp\/v2\/pages\/2132\/revisions"}],"predecessor-version":[{"id":3235,"href":"https:\/\/bombeiroscastrodaire.pt\/index.php\/wp-json\/wp\/v2\/pages\/2132\/revisions\/3235"}],"wp:attachment":[{"href":"https:\/\/bombeiroscastrodaire.pt\/index.php\/wp-json\/wp\/v2\/media?parent=2132"}],"curies":[{"name":"wp","href":"https:\/\/api.w.org\/{rel}","templated":true}]}}